{"id":71,"date":"2023-07-26T14:43:26","date_gmt":"2023-07-26T17:43:26","guid":{"rendered":"https:\/\/nomundodosrelogios.com.br\/?page_id=71"},"modified":"2023-07-26T17:06:04","modified_gmt":"2023-07-26T20:06:04","slug":"youtube","status":"publish","type":"page","link":"https:\/\/nomundodosrelogios.com.br\/?page_id=71","title":{"rendered":"Canal Youtube"},"content":{"rendered":"\n<figure class=\"wp-block-image size-large\"><img decoding=\"async\" loading=\"lazy\" width=\"1024\" height=\"299\" src=\"https:\/\/nomundodosrelogios.com.br\/wp-content\/uploads\/2023\/07\/banner-tarja-youtube-1024x299.jpg\" alt=\"\" class=\"wp-image-72\" srcset=\"https:\/\/nomundodosrelogios.com.br\/wp-content\/uploads\/2023\/07\/banner-tarja-youtube-1024x299.jpg 1024w, https:\/\/nomundodosrelogios.com.br\/wp-content\/uploads\/2023\/07\/banner-tarja-youtube-300x88.jpg 300w, https:\/\/nomundodosrelogios.com.br\/wp-content\/uploads\/2023\/07\/banner-tarja-youtube-768x224.jpg 768w, https:\/\/nomundodosrelogios.com.br\/wp-content\/uploads\/2023\/07\/banner-tarja-youtube.jpg 1080w\" sizes=\"(max-width: 1024px) 100vw, 1024px\" \/><\/figure>\n\n\n\n<p>Conhe\u00e7a o nosso canal no YouTube, dedicado exclusivamente \u00e0 demonstra\u00e7\u00e3o de rel\u00f3gios! <\/p>\n\n\n\n<p>Aqui, mergulhamos no fascinante mundo dos rel\u00f3gios, trazendo a voc\u00ea an\u00e1lises detalhadas, visuais impressionantes e uma experi\u00eancia imersiva na hora de descobrir os mais recentes modelos e cl\u00e1ssicos atemporais.<\/p>\n\n\n\n<p>Nossa miss\u00e3o \u00e9 proporcionar aos entusiastas de rel\u00f3gios uma vis\u00e3o abrangente dos detalhes, caracter\u00edsticas e funcionalidades de diferentes marcas e estilos.  Em nosso canal, voc\u00ea encontrar\u00e1 v\u00eddeos detalhados de unboxing, onde abrimos caixas e revelamos cuidadosamente cada componente de um rel\u00f3gio novo. Al\u00e9m disso, oferecemos avalia\u00e7\u00f5es minuciosas, explorando os aspectos est\u00e9ticos, a qualidade da constru\u00e7\u00e3o, a precis\u00e3o do movimento e muito mais. Tamb\u00e9m destacamos recursos exclusivos, como complica\u00e7\u00f5es, cron\u00f3grafos e funcionalidades especiais que tornam cada rel\u00f3gio \u00fanico.<\/p>\n\n\n\n<p>Valorizamos a intera\u00e7\u00e3o com nossa comunidade de espectadores e incentivamos a participa\u00e7\u00e3o por meio de perguntas, coment\u00e1rios e sugest\u00f5es. Se voc\u00ea tem alguma d\u00favida sobre um rel\u00f3gio espec\u00edfico ou deseja ver um modelo em particular em nosso canal, estamos aqui para atender aos seus pedidos.<\/p>\n\n\n\n<p>Estamos empolgados para compartilhar nossa paix\u00e3o por rel\u00f3gios com voc\u00ea e criar uma comunidade vibrante de entusiastas que apreciam a eleg\u00e2ncia e a precis\u00e3o que esses pequenos tesouros oferecem. Venha se juntar a n\u00f3s e explore o mundo dos rel\u00f3gios atrav\u00e9s do nosso canal&nbsp;no&nbsp;YouTube!<br><br>Para conhecer nosso canal no Youtube clique no bot\u00e3o abaixo:<\/p>\n\n\n\n<div class=\"wp-block-buttons is-layout-flex\">\n<div class=\"wp-block-button\"><a class=\"wp-block-button__link wp-element-button\" href=\"https:\/\/www.youtube.com\/@newstorerelogios\" target=\"_blank\" rel=\"noreferrer noopener\"><strong><mark style=\"background-color:rgba(0, 0, 0, 0)\" class=\"has-inline-color has-white-color\">Youtube<\/mark><\/strong><\/a><\/div>\n<\/div>\n","protected":false},"excerpt":{"rendered":"<p>Conhe\u00e7a o nosso canal no YouTube, dedicado exclusivamente \u00e0 demonstra\u00e7\u00e3o de rel\u00f3gios! Aqui, mergulhamos no fascinante mundo dos rel\u00f3gios, trazendo a voc\u00ea an\u00e1lises detalhadas, visuais impressionantes e uma experi\u00eancia imersiva na hora de descobrir os mais recentes modelos e cl\u00e1ssicos atemporais. Nossa miss\u00e3o \u00e9 proporcionar aos entusiastas de rel\u00f3gios uma vis\u00e3o abrangente dos detalhes, caracter\u00edsticas&#8230;<\/p>\n","protected":false},"author":1,"featured_media":0,"parent":0,"menu_order":0,"comment_status":"closed","ping_status":"closed","template":"","meta":{"_monsterinsights_skip_tracking":false,"_monsterinsights_sitenote_active":false,"_monsterinsights_sitenote_note":"","_monsterinsights_sitenote_category":0},"aioseo_notices":[],"_links":{"self":[{"href":"https:\/\/nomundodosrelogios.com.br\/index.php?rest_route=\/wp\/v2\/pages\/71"}],"collection":[{"href":"https:\/\/nomundodosrelogios.com.br\/index.php?rest_route=\/wp\/v2\/pages"}],"about":[{"href":"https:\/\/nomundodosrelogios.com.br\/index.php?rest_route=\/wp\/v2\/types\/page"}],"author":[{"embeddable":true,"href":"https:\/\/nomundodosrelogios.com.br\/index.php?rest_route=\/wp\/v2\/users\/1"}],"replies":[{"embeddable":true,"href":"https:\/\/nomundodosrelogios.com.br\/index.php?rest_route=%2Fwp%2Fv2%2Fcomments&post=71"}],"version-history":[{"count":7,"href":"https:\/\/nomundodosrelogios.com.br\/index.php?rest_route=\/wp\/v2\/pages\/71\/revisions"}],"predecessor-version":[{"id":133,"href":"https:\/\/nomundodosrelogios.com.br\/index.php?rest_route=\/wp\/v2\/pages\/71\/revisions\/133"}],"wp:attachment":[{"href":"https:\/\/nomundodosrelogios.com.br\/index.php?rest_route=%2Fwp%2Fv2%2Fmedia&parent=71"}],"curies":[{"name":"wp","href":"https:\/\/api.w.org\/{rel}","templated":true}]}}